{"id":6169,"date":"2022-06-13T12:31:11","date_gmt":"2022-06-13T10:31:11","guid":{"rendered":"https:\/\/dehas.de\/nadruk\/"},"modified":"2024-05-29T10:39:25","modified_gmt":"2024-05-29T08:39:25","slug":"nadruk","status":"publish","type":"page","link":"https:\/\/dehas.de\/pl\/nadruk\/","title":{"rendered":"Nadruk"},"content":{"rendered":"\t\t<div data-elementor-type=\"wp-page\" data-elementor-id=\"6169\" class=\"elementor elementor-6169 elementor-33\" data-elementor-post-type=\"page\">\n\t\t\t\t\t\t<section class=\"elementor-section elementor-top-section elementor-element elementor-element-33450ed elementor-section-boxed elementor-section-height-default elementor-section-height-default\" data-id=\"33450ed\" data-element_type=\"section\" data-e-type=\"section\" data-settings=\"{&quot;jet_parallax_layout_list&quot;:[]}\">\n\t\t\t\t\t\t<div class=\"elementor-container elementor-column-gap-default\">\n\t\t\t\t\t<div class=\"elementor-column elementor-col-100 elementor-top-column elementor-element elementor-element-6a1e1b5\" data-id=\"6a1e1b5\" data-element_type=\"column\" data-e-type=\"column\">\n\t\t\t<div class=\"elementor-widget-wrap elementor-element-populated\">\n\t\t\t\t\t\t<div class=\"elementor-element elementor-element-6e0e0c6 elementor-widget elementor-widget-heading\" data-id=\"6e0e0c6\" data-element_type=\"widget\" data-e-type=\"widget\" data-widget_type=\"heading.default\">\n\t\t\t\t<div class=\"elementor-widget-container\">\n\t\t\t\t\t<h1 class=\"elementor-heading-title elementor-size-default\">Nadruk<\/h1>\t\t\t\t<\/div>\n\t\t\t\t<\/div>\n\t\t\t\t<div class=\"elementor-element elementor-element-56ff30a elementor-widget elementor-widget-text-editor\" data-id=\"56ff30a\" data-element_type=\"widget\" data-e-type=\"widget\" data-widget_type=\"text-editor.default\">\n\t\t\t\t<div class=\"elementor-widget-container\">\n\t\t\t\t\t\t\t\t\t<h2><strong>Informacje zgodnie z \u00a7 5 TMG<\/strong><\/h2>\n<p><strong>DEHAS Medical Systems GmbH<\/strong><br \/>Wesloerstr. 107 &#8211; 109<br \/>23568 Lubeka<\/p>\n<p><strong>Tel.<\/strong>  +49 451 80904 &#8211; 0<br \/><strong>Faks<\/strong> +49 451 80904 &#8211; 111<br \/><strong>E-mail:<\/strong> info (at) dehas.de<\/p>\n<p><strong>Zarz\u0105dzanie:<\/strong> Jens Mittendorf<br \/><strong>HRB:<\/strong> s\u0105d rejonowy w Lubece 21902 HL<br \/><strong>IDENTYFIKATOR VAT:<\/strong> DE348387794<\/p>\n<p><strong>Godziny urz\u0119dowania:  <\/strong><br \/>Od poniedzia\u0142ku do czwartku nieprzerwanie od<br \/>8.00 &#8211; 16.30<\/p>\n<p>Pi\u0105tek nieprzerwanie od<br \/>8.00 &#8211; 3.30 p.m.<\/p>\n<p>Odpowiedzialny za tre\u015b\u0107 zgodnie z \u00a7 55 Abs. 2 RStV<br \/>Jens Mittendorf<\/p>\n<p>Rozstrzyganie spor\u00f3w konsumenckich\/uniwersalne centrum arbitra\u017cowe<br \/>Nie jeste\u015bmy sk\u0142onni ani zobowi\u0105zani do udzia\u0142u w post\u0119powaniu rozstrzygaj\u0105cym spory przed komisj\u0105 arbitra\u017cow\u0105 ds. konsument\u00f3w.<\/p>\n<p>Odpowiedzialno\u015b\u0107 za tre\u015b\u0107<br \/>Jako dostawca us\u0142ug jeste\u015bmy zobowi\u0105zani zgodnie z \u00a7 7 ust. 1 TMG ponosi odpowiedzialno\u015b\u0107 za w\u0142asne tre\u015bci na tych stronach zgodnie z og\u00f3lnymi przepisami prawa. Zgodnie z \u00a7\u00a7 8 do 10 TMG, jako us\u0142ugodawca nie jeste\u015bmy jednak zobowi\u0105zani do monitorowania przekazywanych lub przechowywanych informacji os\u00f3b trzecich ani do badania okoliczno\u015bci wskazuj\u0105cych na nielegaln\u0105 dzia\u0142alno\u015b\u0107.<\/p>\n<p>Nie ma to wp\u0142ywu na obowi\u0105zek usuni\u0119cia lub zablokowania korzystania z informacji zgodnie z og\u00f3lnymi przepisami prawa. Odpowiedzialno\u015b\u0107 w tym zakresie jest jednak mo\u017cliwa dopiero od momentu uzyskania wiedzy o konkretnym naruszeniu. Gdy tylko dowiemy si\u0119 o takich naruszeniach, natychmiast usuniemy te tre\u015bci.<\/p>\n<p>Odpowiedzialno\u015b\u0107 za linki<br \/>Nasza strona internetowa zawiera linki do zewn\u0119trznych stron internetowych os\u00f3b trzecich, na kt\u00f3rych tre\u015b\u0107 nie mamy wp\u0142ywu. W zwi\u0105zku z tym nie ponosimy \u017cadnej odpowiedzialno\u015bci za tre\u015bci pochodz\u0105ce od os\u00f3b trzecich. Odpowiedni dostawca lub operator stron jest zawsze odpowiedzialny za tre\u015b\u0107 stron, do kt\u00f3rych prowadz\u0105 linki. Po\u0142\u0105czone strony zosta\u0142y sprawdzone pod k\u0105tem mo\u017cliwych narusze\u0144 prawa w momencie ich \u0142\u0105czenia. Nielegalna zawarto\u015b\u0107 nie by\u0142a rozpoznawalna w momencie linkowania.<\/p>\n<p>Sta\u0142e monitorowanie tre\u015bci stron, do kt\u00f3rych prowadz\u0105 linki, nie jest jednak uzasadnione bez konkretnych dowod\u00f3w naruszenia. Je\u015bli dowiemy si\u0119 o jakichkolwiek naruszeniach prawa, natychmiast usuniemy takie linki.<\/p>\n<p>Prawa autorskie<br \/>Tre\u015bci i dzie\u0142a stworzone przez operator\u00f3w witryn na tych stronach podlegaj\u0105 niemieckiemu prawu autorskiemu. Powielanie, edytowanie, rozpowszechnianie i wszelkiego rodzaju wykorzystywanie poza granicami prawa autorskiego wymaga pisemnej zgody odpowiedniego autora lub tw\u00f3rcy. Pobieranie i kopiowanie niniejszej witryny jest dozwolone wy\u0142\u0105cznie do prywatnego, niekomercyjnego u\u017cytku.<\/p>\n<p>O ile tre\u015bci na tej stronie nie zosta\u0142y stworzone przez operatora, prawa autorskie os\u00f3b trzecich s\u0105 przestrzegane. W szczeg\u00f3lno\u015bci tre\u015bci os\u00f3b trzecich s\u0105 oznaczone jako takie. Je\u015bli mimo to dowiesz si\u0119 o naruszeniu praw autorskich, poinformuj nas o tym. Je\u015bli dowiemy si\u0119 o jakichkolwiek naruszeniach prawa, niezw\u0142ocznie usuniemy takie tre\u015bci.<\/p>\n<p>\u0179r\u00f3d\u0142o: https:\/\/www.e-recht24.de<\/p>\n\t\t\t\t\t\t\t\t<\/div>\n\t\t\t\t<\/div>\n\t\t\t\t\t<\/div>\n\t\t<\/div>\n\t\t\t\t\t<\/div>\n\t\t<\/section>\n\t\t\t\t<\/div>\n\t\t","protected":false},"excerpt":{"rendered":"<p>Nadruk Informacje zgodnie z \u00a7 5 TMG DEHAS Medical Systems GmbHWesloerstr. 107 &#8211; 10923568 Lubeka Tel. +49 451 80904 &#8211; 0Faks +49 451 80904 &#8211; 111E-mail: info (at) dehas.de Zarz\u0105dzanie: Jens MittendorfHRB: s\u0105d rejonowy w Lubece 21902 HLIDENTYFIKATOR VAT: DE348387794 Godziny urz\u0119dowania: Od poniedzia\u0142ku do czwartku nieprzerwanie od8.00 &#8211; 16.30 Pi\u0105tek nieprzerwanie od8.00 &#8211; 3.30 [&hellip;]<\/p>\n","protected":false},"author":4,"featured_media":0,"parent":0,"menu_order":150,"comment_status":"closed","ping_status":"closed","template":"","meta":{"footnotes":""},"class_list":["post-6169","page","type-page","status-publish","hentry"],"yoast_head":"<!-- This site is optimized with the Yoast SEO plugin v27.3 - https:\/\/yoast.com\/product\/yoast-seo-wordpress\/ -->\n<title>Imprint | DEHAS Medical Systems GmbH<\/title>\n<meta name=\"description\" content=\"Imprint DEHAS Medical Systems z Lubeki: technologia medyczna i rozwi\u0105zania dla klinik i lekarzy. Oferujemy innowacyjne produkty i us\u0142ugi.\" \/>\n<meta name=\"robots\" content=\"index, follow, max-snippet:-1, max-image-preview:large, max-video-preview:-1\" \/>\n<link rel=\"canonical\" href=\"https:\/\/dehas.de\/pl\/nadruk\/\" \/>\n<meta property=\"og:locale\" content=\"pl_PL\" \/>\n<meta property=\"og:type\" content=\"article\" \/>\n<meta property=\"og:title\" content=\"Imprint | DEHAS Medical Systems GmbH\" \/>\n<meta property=\"og:description\" content=\"Imprint DEHAS Medical Systems z Lubeki: technologia medyczna i rozwi\u0105zania dla klinik i lekarzy. Oferujemy innowacyjne produkty i us\u0142ugi.\" \/>\n<meta property=\"og:url\" content=\"https:\/\/dehas.de\/pl\/nadruk\/\" \/>\n<meta property=\"og:site_name\" content=\"DEHAS Medical Systems GmbH\" \/>\n<meta property=\"article:modified_time\" content=\"2024-05-29T08:39:25+00:00\" \/>\n<meta property=\"og:image\" content=\"https:\/\/dehas.de\/wp-content\/uploads\/2023\/05\/dehas-logo.png\" \/>\n\t<meta property=\"og:image:width\" content=\"541\" \/>\n\t<meta property=\"og:image:height\" content=\"197\" \/>\n\t<meta property=\"og:image:type\" content=\"image\/png\" \/>\n<meta name=\"twitter:card\" content=\"summary_large_image\" \/>\n<meta name=\"twitter:label1\" content=\"Szacowany czas czytania\" \/>\n\t<meta name=\"twitter:data1\" content=\"2 minuty\" \/>\n<script type=\"application\/ld+json\" class=\"yoast-schema-graph\">{\"@context\":\"https:\\\/\\\/schema.org\",\"@graph\":[{\"@type\":\"WebPage\",\"@id\":\"https:\\\/\\\/dehas.de\\\/pl\\\/nadruk\\\/\",\"url\":\"https:\\\/\\\/dehas.de\\\/pl\\\/nadruk\\\/\",\"name\":\"Imprint | DEHAS Medical Systems GmbH\",\"isPartOf\":{\"@id\":\"https:\\\/\\\/dehas.de\\\/pl\\\/#website\"},\"datePublished\":\"2022-06-13T10:31:11+00:00\",\"dateModified\":\"2024-05-29T08:39:25+00:00\",\"description\":\"Imprint DEHAS Medical Systems z Lubeki: technologia medyczna i rozwi\u0105zania dla klinik i lekarzy. Oferujemy innowacyjne produkty i us\u0142ugi.\",\"breadcrumb\":{\"@id\":\"https:\\\/\\\/dehas.de\\\/pl\\\/nadruk\\\/#breadcrumb\"},\"inLanguage\":\"pl-PL\",\"potentialAction\":[{\"@type\":\"ReadAction\",\"target\":[\"https:\\\/\\\/dehas.de\\\/pl\\\/nadruk\\\/\"]}]},{\"@type\":\"BreadcrumbList\",\"@id\":\"https:\\\/\\\/dehas.de\\\/pl\\\/nadruk\\\/#breadcrumb\",\"itemListElement\":[{\"@type\":\"ListItem\",\"position\":1,\"name\":\"Home\",\"item\":\"https:\\\/\\\/dehas.de\\\/pl\\\/strona-glowna\\\/\"},{\"@type\":\"ListItem\",\"position\":2,\"name\":\"Nadruk\"}]},{\"@type\":\"WebSite\",\"@id\":\"https:\\\/\\\/dehas.de\\\/pl\\\/#website\",\"url\":\"https:\\\/\\\/dehas.de\\\/pl\\\/\",\"name\":\"DEHAS Medical Systems GmbH\",\"description\":\"\",\"publisher\":{\"@id\":\"https:\\\/\\\/dehas.de\\\/pl\\\/#organization\"},\"potentialAction\":[{\"@type\":\"SearchAction\",\"target\":{\"@type\":\"EntryPoint\",\"urlTemplate\":\"https:\\\/\\\/dehas.de\\\/pl\\\/?s={search_term_string}\"},\"query-input\":{\"@type\":\"PropertyValueSpecification\",\"valueRequired\":true,\"valueName\":\"search_term_string\"}}],\"inLanguage\":\"pl-PL\"},{\"@type\":\"Organization\",\"@id\":\"https:\\\/\\\/dehas.de\\\/pl\\\/#organization\",\"name\":\"DEHAS Medical Systems GmbH\",\"url\":\"https:\\\/\\\/dehas.de\\\/pl\\\/\",\"logo\":{\"@type\":\"ImageObject\",\"inLanguage\":\"pl-PL\",\"@id\":\"https:\\\/\\\/dehas.de\\\/pl\\\/#\\\/schema\\\/logo\\\/image\\\/\",\"url\":\"https:\\\/\\\/dehas.de\\\/wp-content\\\/uploads\\\/2022\\\/06\\\/dehas-logo-1.png\",\"contentUrl\":\"https:\\\/\\\/dehas.de\\\/wp-content\\\/uploads\\\/2022\\\/06\\\/dehas-logo-1.png\",\"width\":541,\"height\":197,\"caption\":\"DEHAS Medical Systems GmbH\"},\"image\":{\"@id\":\"https:\\\/\\\/dehas.de\\\/pl\\\/#\\\/schema\\\/logo\\\/image\\\/\"}}]}<\/script>\n<!-- \/ Yoast SEO plugin. -->","yoast_head_json":{"title":"Imprint | DEHAS Medical Systems GmbH","description":"Imprint DEHAS Medical Systems z Lubeki: technologia medyczna i rozwi\u0105zania dla klinik i lekarzy. Oferujemy innowacyjne produkty i us\u0142ugi.","robots":{"index":"index","follow":"follow","max-snippet":"max-snippet:-1","max-image-preview":"max-image-preview:large","max-video-preview":"max-video-preview:-1"},"canonical":"https:\/\/dehas.de\/pl\/nadruk\/","og_locale":"pl_PL","og_type":"article","og_title":"Imprint | DEHAS Medical Systems GmbH","og_description":"Imprint DEHAS Medical Systems z Lubeki: technologia medyczna i rozwi\u0105zania dla klinik i lekarzy. Oferujemy innowacyjne produkty i us\u0142ugi.","og_url":"https:\/\/dehas.de\/pl\/nadruk\/","og_site_name":"DEHAS Medical Systems GmbH","article_modified_time":"2024-05-29T08:39:25+00:00","og_image":[{"width":541,"height":197,"url":"https:\/\/dehas.de\/wp-content\/uploads\/2023\/05\/dehas-logo.png","type":"image\/png"}],"twitter_card":"summary_large_image","twitter_misc":{"Szacowany czas czytania":"2 minuty"},"schema":{"@context":"https:\/\/schema.org","@graph":[{"@type":"WebPage","@id":"https:\/\/dehas.de\/pl\/nadruk\/","url":"https:\/\/dehas.de\/pl\/nadruk\/","name":"Imprint | DEHAS Medical Systems GmbH","isPartOf":{"@id":"https:\/\/dehas.de\/pl\/#website"},"datePublished":"2022-06-13T10:31:11+00:00","dateModified":"2024-05-29T08:39:25+00:00","description":"Imprint DEHAS Medical Systems z Lubeki: technologia medyczna i rozwi\u0105zania dla klinik i lekarzy. Oferujemy innowacyjne produkty i us\u0142ugi.","breadcrumb":{"@id":"https:\/\/dehas.de\/pl\/nadruk\/#breadcrumb"},"inLanguage":"pl-PL","potentialAction":[{"@type":"ReadAction","target":["https:\/\/dehas.de\/pl\/nadruk\/"]}]},{"@type":"BreadcrumbList","@id":"https:\/\/dehas.de\/pl\/nadruk\/#breadcrumb","itemListElement":[{"@type":"ListItem","position":1,"name":"Home","item":"https:\/\/dehas.de\/pl\/strona-glowna\/"},{"@type":"ListItem","position":2,"name":"Nadruk"}]},{"@type":"WebSite","@id":"https:\/\/dehas.de\/pl\/#website","url":"https:\/\/dehas.de\/pl\/","name":"DEHAS Medical Systems GmbH","description":"","publisher":{"@id":"https:\/\/dehas.de\/pl\/#organization"},"potentialAction":[{"@type":"SearchAction","target":{"@type":"EntryPoint","urlTemplate":"https:\/\/dehas.de\/pl\/?s={search_term_string}"},"query-input":{"@type":"PropertyValueSpecification","valueRequired":true,"valueName":"search_term_string"}}],"inLanguage":"pl-PL"},{"@type":"Organization","@id":"https:\/\/dehas.de\/pl\/#organization","name":"DEHAS Medical Systems GmbH","url":"https:\/\/dehas.de\/pl\/","logo":{"@type":"ImageObject","inLanguage":"pl-PL","@id":"https:\/\/dehas.de\/pl\/#\/schema\/logo\/image\/","url":"https:\/\/dehas.de\/wp-content\/uploads\/2022\/06\/dehas-logo-1.png","contentUrl":"https:\/\/dehas.de\/wp-content\/uploads\/2022\/06\/dehas-logo-1.png","width":541,"height":197,"caption":"DEHAS Medical Systems GmbH"},"image":{"@id":"https:\/\/dehas.de\/pl\/#\/schema\/logo\/image\/"}}]}},"_links":{"self":[{"href":"https:\/\/dehas.de\/pl\/wp-json\/wp\/v2\/pages\/6169","targetHints":{"allow":["GET"]}}],"collection":[{"href":"https:\/\/dehas.de\/pl\/wp-json\/wp\/v2\/pages"}],"about":[{"href":"https:\/\/dehas.de\/pl\/wp-json\/wp\/v2\/types\/page"}],"author":[{"embeddable":true,"href":"https:\/\/dehas.de\/pl\/wp-json\/wp\/v2\/users\/4"}],"replies":[{"embeddable":true,"href":"https:\/\/dehas.de\/pl\/wp-json\/wp\/v2\/comments?post=6169"}],"version-history":[{"count":1,"href":"https:\/\/dehas.de\/pl\/wp-json\/wp\/v2\/pages\/6169\/revisions"}],"predecessor-version":[{"id":6178,"href":"https:\/\/dehas.de\/pl\/wp-json\/wp\/v2\/pages\/6169\/revisions\/6178"}],"wp:attachment":[{"href":"https:\/\/dehas.de\/pl\/wp-json\/wp\/v2\/media?parent=6169"}],"curies":[{"name":"wp","href":"https:\/\/api.w.org\/{rel}","templated":true}]}}