{"id":5425,"date":"2023-05-11T16:24:09","date_gmt":"2023-05-11T14:24:09","guid":{"rendered":"https:\/\/dehas.de\/connexion-revendeur\/"},"modified":"2024-05-29T12:19:47","modified_gmt":"2024-05-29T10:19:47","slug":"connexion-revendeur","status":"publish","type":"page","link":"https:\/\/dehas.de\/fr\/connexion-revendeur\/","title":{"rendered":"Connexion revendeur"},"content":{"rendered":"\t\t<div data-elementor-type=\"wp-page\" data-elementor-id=\"5425\" class=\"elementor elementor-5425 elementor-277\" data-elementor-post-type=\"page\">\n\t\t\t\t\t\t<section class=\"elementor-section elementor-top-section elementor-element elementor-element-48d43e67 elementor-section-height-min-height jedv-enabled--yes elementor-section-boxed elementor-section-height-default elementor-section-items-middle\" data-id=\"48d43e67\" data-element_type=\"section\" data-e-type=\"section\" data-settings=\"{&quot;background_background&quot;:&quot;classic&quot;,&quot;jet_parallax_layout_list&quot;:[]}\">\n\t\t\t\t\t\t\t<div class=\"elementor-background-overlay\"><\/div>\n\t\t\t\t\t\t\t<div class=\"elementor-container elementor-column-gap-default\">\n\t\t\t\t\t<div class=\"elementor-column elementor-col-100 elementor-top-column elementor-element elementor-element-41d0e5cf\" data-id=\"41d0e5cf\" data-element_type=\"column\" data-e-type=\"column\">\n\t\t\t<div class=\"elementor-widget-wrap elementor-element-populated\">\n\t\t\t\t\t\t<div class=\"elementor-element elementor-element-2774c099 elementor-invisible elementor-widget elementor-widget-heading\" data-id=\"2774c099\" data-element_type=\"widget\" data-e-type=\"widget\" data-settings=\"{&quot;_animation&quot;:&quot;fadeIn&quot;,&quot;_animation_delay&quot;:0}\" data-widget_type=\"heading.default\">\n\t\t\t\t<div class=\"elementor-widget-container\">\n\t\t\t\t\t<h1 class=\"elementor-heading-title elementor-size-default\">Notre espace revendeur pour les documents personnalis\u00e9s<\/h1>\t\t\t\t<\/div>\n\t\t\t\t<\/div>\n\t\t\t\t<div class=\"elementor-element elementor-element-1265759 animated-fast elementor-invisible elementor-widget elementor-widget-text-editor\" data-id=\"1265759\" data-element_type=\"widget\" data-e-type=\"widget\" data-settings=\"{&quot;_animation&quot;:&quot;fadeIn&quot;,&quot;_animation_delay&quot;:300}\" data-widget_type=\"text-editor.default\">\n\t\t\t\t<div class=\"elementor-widget-container\">\n\t\t\t\t\t\t\t\t\t<p>En tant que revendeur, vous trouverez ici des documents, des contacts et des prix. Connectez-vous avec vos donn\u00e9es d&rsquo;utilisateur et d\u00e9couvrez le monde des distributeurs DEHAS.<\/p>\n\t\t\t\t\t\t\t\t<\/div>\n\t\t\t\t<\/div>\n\t\t\t\t<div class=\"elementor-element elementor-element-95a16c2 elementor-align-center animated-fast elementor-widget__width-auto elementor-invisible elementor-widget elementor-widget-button\" data-id=\"95a16c2\" data-element_type=\"widget\" data-e-type=\"widget\" data-settings=\"{&quot;_animation&quot;:&quot;fadeIn&quot;,&quot;_animation_delay&quot;:500}\" data-widget_type=\"button.default\">\n\t\t\t\t<div class=\"elementor-widget-container\">\n\t\t\t\t\t\t\t\t\t<div class=\"elementor-button-wrapper\">\n\t\t\t\t\t<a class=\"elementor-button elementor-button-link elementor-size-sm\" href=\"#anmelden\">\n\t\t\t\t\t\t<span class=\"elementor-button-content-wrapper\">\n\t\t\t\t\t\t\t\t\t<span class=\"elementor-button-text\">Se connecter directement<\/span>\n\t\t\t\t\t<\/span>\n\t\t\t\t\t<\/a>\n\t\t\t\t<\/div>\n\t\t\t\t\t\t\t\t<\/div>\n\t\t\t\t<\/div>\n\t\t\t\t<div class=\"elementor-element elementor-element-e220b68 elementor-align-center animated-fast elementor-widget__width-auto elementor-invisible elementor-widget elementor-widget-button\" data-id=\"e220b68\" data-element_type=\"widget\" data-e-type=\"widget\" data-settings=\"{&quot;_animation&quot;:&quot;fadeIn&quot;,&quot;_animation_delay&quot;:500}\" data-widget_type=\"button.default\">\n\t\t\t\t<div class=\"elementor-widget-container\">\n\t\t\t\t\t\t\t\t\t<div class=\"elementor-button-wrapper\">\n\t\t\t\t\t<a class=\"elementor-button elementor-button-link elementor-size-sm\" href=\"https:\/\/dehas.de\/fr\/devenir-distributeur\/\">\n\t\t\t\t\t\t<span class=\"elementor-button-content-wrapper\">\n\t\t\t\t\t\t\t\t\t<span class=\"elementor-button-text\">Devenir distributeur &gt;<\/span>\n\t\t\t\t\t<\/span>\n\t\t\t\t\t<\/a>\n\t\t\t\t<\/div>\n\t\t\t\t\t\t\t\t<\/div>\n\t\t\t\t<\/div>\n\t\t\t\t\t<\/div>\n\t\t<\/div>\n\t\t\t\t\t<\/div>\n\t\t<\/section>\n\t\t\t\t<section class=\"elementor-section elementor-top-section elementor-element elementor-element-6167055 elementor-section-height-min-height jedv-enabled--yes elementor-section-boxed elementor-section-height-default elementor-section-items-middle\" data-id=\"6167055\" data-element_type=\"section\" data-e-type=\"section\" data-settings=\"{&quot;jet_parallax_layout_list&quot;:[],&quot;background_background&quot;:&quot;classic&quot;}\">\n\t\t\t\t\t\t<div class=\"elementor-container elementor-column-gap-default\">\n\t\t\t\t\t<div class=\"elementor-column elementor-col-100 elementor-top-column elementor-element elementor-element-e4c2aac\" data-id=\"e4c2aac\" data-element_type=\"column\" data-e-type=\"column\">\n\t\t\t<div class=\"elementor-widget-wrap elementor-element-populated\">\n\t\t\t\t\t\t<div class=\"elementor-element elementor-element-a040c4f elementor-widget elementor-widget-menu-anchor\" data-id=\"a040c4f\" data-element_type=\"widget\" data-e-type=\"widget\" data-widget_type=\"menu-anchor.default\">\n\t\t\t\t<div class=\"elementor-widget-container\">\n\t\t\t\t\t\t\t<div class=\"elementor-menu-anchor\" id=\"sinscrire\"><\/div>\n\t\t\t\t\t\t<\/div>\n\t\t\t\t<\/div>\n\t\t\t\t<div class=\"elementor-element elementor-element-be31f58 elementor-widget elementor-widget-heading\" data-id=\"be31f58\" data-element_type=\"widget\" data-e-type=\"widget\" data-widget_type=\"heading.default\">\n\t\t\t\t<div class=\"elementor-widget-container\">\n\t\t\t\t\t<h2 class=\"elementor-heading-title elementor-size-default\">Inscription des revendeurs<\/h2>\t\t\t\t<\/div>\n\t\t\t\t<\/div>\n\t\t\t\t<div class=\"elementor-element elementor-element-08721c6 elementor-widget elementor-widget-login\" data-id=\"08721c6\" data-element_type=\"widget\" data-e-type=\"widget\" data-widget_type=\"login.default\">\n\t\t\t\t<div class=\"elementor-widget-container\">\n\t\t\t\t\t\t\t<form class=\"elementor-login elementor-form\" method=\"post\" action=\"https:\/\/dehas.de\/wp-login.php\" aria-label=\"Login form\">\n\t\t\t<input type=\"hidden\" name=\"redirect_to\" value=\"\/fr\/wp-json\/wp\/v2\/pages\/5425\">\n\t\t\t<div class=\"elementor-form-fields-wrapper\">\n\t\t\t\t<div class=\"elementor-field-type-text elementor-field-group elementor-column elementor-col-100 elementor-field-required\">\n\t\t\t\t\t<label for=\"user-08721c6\" class=\"elementor-field-label\">Email<\/label>\n\t\t\t\t\t<input size=\"1\" type=\"text\" name=\"log\" id=\"user-08721c6\" placeholder=\"\" class=\"elementor-field elementor-field-textual elementor-size-sm\">\n\t\t\t\t<\/div>\n\t\t\t\t<div class=\"elementor-field-type-text elementor-field-group elementor-column elementor-col-100 elementor-field-required\">\n\t\t\t\t\t<label for=\"password-08721c6\" class=\"elementor-field-label\">Mot de passe<\/label>\n\t\t\t\t\t<input size=\"1\" type=\"password\" name=\"pwd\" id=\"password-08721c6\" placeholder=\"\" class=\"elementor-field elementor-field-textual elementor-size-sm\">\n\t\t\t\t<\/div>\n\n\t\t\t\t\t\t\t\t\t<div class=\"elementor-field-type-checkbox elementor-field-group elementor-column elementor-col-100 elementor-remember-me\">\n\t\t\t\t\t\t<label for=\"elementor-login-remember-me\">\n\t\t\t\t\t\t\t<input type=\"checkbox\" id=\"elementor-login-remember-me\" name=\"rememberme\" value=\"forever\">\n\t\t\t\t\t\t\tSe souvenir de moi\t\t\t\t\t\t<\/label>\n\t\t\t\t\t<\/div>\n\t\t\t\t\n\t\t\t\t<div class=\"elementor-field-group elementor-column elementor-field-type-submit elementor-col-100\">\n\t\t\t\t\t<button type=\"submit\" class=\"elementor-size-sm elementor-button\" name=\"wp-submit\">\n\t\t\t\t\t\t\t\t\t\t\t\t\t\t\t<span class=\"elementor-button-text\">S'inscrire<\/span>\n\t\t\t\t\t\t\t\t\t\t\t\t<\/button>\n\t\t\t\t<\/div>\n\n\t\t\t\t\t\t\t<\/div>\n\t\t<\/form>\n\t\t\t\t\t\t<\/div>\n\t\t\t\t<\/div>\n\t\t\t\t\t<\/div>\n\t\t<\/div>\n\t\t\t\t\t<\/div>\n\t\t<\/section>\n\t\t\t\t<\/div>\n\t\t","protected":false},"excerpt":{"rendered":"<p>Notre espace revendeur pour les documents personnalis\u00e9s En tant que revendeur, vous trouverez ici des documents, des contacts et des prix. Connectez-vous avec vos donn\u00e9es d&rsquo;utilisateur et d\u00e9couvrez le monde des distributeurs DEHAS. Se connecter directement Devenir distributeur &gt; Inscription des revendeurs Listes de prixActualit\u00e9s pour les distributeursImages des produits Ihre individuelle Preisliste News f\u00fcr [&hellip;]<\/p>\n","protected":false},"author":12,"featured_media":0,"parent":0,"menu_order":110,"comment_status":"closed","ping_status":"closed","template":"","meta":{"footnotes":""},"class_list":["post-5425","page","type-page","status-publish","hentry"],"yoast_head":"<!-- This site is optimized with the Yoast SEO plugin v27.5 - https:\/\/yoast.com\/product\/yoast-seo-wordpress\/ -->\n<title>Zone de connexion revendeur | Dehas Medical Systems GmbH<\/title>\n<meta name=\"description\" content=\"Connectez-vous \u00e0 DEHAS Medical Systems dans la zone de connexion revendeur et acc\u00e9dez \u00e0 nos services et \u00e0 notre assistance.\" \/>\n<meta name=\"robots\" content=\"index, follow, max-snippet:-1, max-image-preview:large, max-video-preview:-1\" \/>\n<link rel=\"canonical\" href=\"https:\/\/dehas.de\/fr\/connexion-revendeur\/\" \/>\n<meta property=\"og:locale\" content=\"fr_FR\" \/>\n<meta property=\"og:type\" content=\"article\" \/>\n<meta property=\"og:title\" content=\"Zone de connexion revendeur | Dehas Medical Systems GmbH\" \/>\n<meta property=\"og:description\" content=\"Connectez-vous \u00e0 DEHAS Medical Systems dans la zone de connexion revendeur et acc\u00e9dez \u00e0 nos services et \u00e0 notre assistance.\" \/>\n<meta property=\"og:url\" content=\"https:\/\/dehas.de\/fr\/connexion-revendeur\/\" \/>\n<meta property=\"og:site_name\" content=\"DEHAS Medical Systems GmbH\" \/>\n<meta property=\"article:modified_time\" content=\"2024-05-29T10:19:47+00:00\" \/>\n<meta property=\"og:image\" content=\"https:\/\/dehas.de\/wp-content\/uploads\/2023\/05\/QualityMix-Pro-1-233x300.jpg\" \/>\n<meta name=\"twitter:card\" content=\"summary_large_image\" \/>\n<meta name=\"twitter:label1\" content=\"Dur\u00e9e de lecture estim\u00e9e\" \/>\n\t<meta name=\"twitter:data1\" content=\"2 minutes\" \/>\n<script type=\"application\/ld+json\" class=\"yoast-schema-graph\">{\"@context\":\"https:\\\/\\\/schema.org\",\"@graph\":[{\"@type\":\"WebPage\",\"@id\":\"https:\\\/\\\/dehas.de\\\/fr\\\/connexion-revendeur\\\/\",\"url\":\"https:\\\/\\\/dehas.de\\\/fr\\\/connexion-revendeur\\\/\",\"name\":\"Zone de connexion revendeur | Dehas Medical Systems GmbH\",\"isPartOf\":{\"@id\":\"https:\\\/\\\/dehas.de\\\/fr\\\/#website\"},\"primaryImageOfPage\":{\"@id\":\"https:\\\/\\\/dehas.de\\\/fr\\\/connexion-revendeur\\\/#primaryimage\"},\"image\":{\"@id\":\"https:\\\/\\\/dehas.de\\\/fr\\\/connexion-revendeur\\\/#primaryimage\"},\"thumbnailUrl\":\"https:\\\/\\\/dehas.de\\\/wp-content\\\/uploads\\\/2023\\\/05\\\/QualityMix-Pro-1-233x300.jpg\",\"datePublished\":\"2023-05-11T14:24:09+00:00\",\"dateModified\":\"2024-05-29T10:19:47+00:00\",\"description\":\"Connectez-vous \u00e0 DEHAS Medical Systems dans la zone de connexion revendeur et acc\u00e9dez \u00e0 nos services et \u00e0 notre assistance.\",\"breadcrumb\":{\"@id\":\"https:\\\/\\\/dehas.de\\\/fr\\\/connexion-revendeur\\\/#breadcrumb\"},\"inLanguage\":\"fr-FR\",\"potentialAction\":[{\"@type\":\"ReadAction\",\"target\":[\"https:\\\/\\\/dehas.de\\\/fr\\\/connexion-revendeur\\\/\"]}]},{\"@type\":\"ImageObject\",\"inLanguage\":\"fr-FR\",\"@id\":\"https:\\\/\\\/dehas.de\\\/fr\\\/connexion-revendeur\\\/#primaryimage\",\"url\":\"https:\\\/\\\/dehas.de\\\/wp-content\\\/uploads\\\/2023\\\/05\\\/QualityMix-Pro-1-233x300.jpg\",\"contentUrl\":\"https:\\\/\\\/dehas.de\\\/wp-content\\\/uploads\\\/2023\\\/05\\\/QualityMix-Pro-1-233x300.jpg\"},{\"@type\":\"BreadcrumbList\",\"@id\":\"https:\\\/\\\/dehas.de\\\/fr\\\/connexion-revendeur\\\/#breadcrumb\",\"itemListElement\":[{\"@type\":\"ListItem\",\"position\":1,\"name\":\"Home\",\"item\":\"https:\\\/\\\/dehas.de\\\/fr\\\/page-daccueil\\\/\"},{\"@type\":\"ListItem\",\"position\":2,\"name\":\"Connexion revendeur\"}]},{\"@type\":\"WebSite\",\"@id\":\"https:\\\/\\\/dehas.de\\\/fr\\\/#website\",\"url\":\"https:\\\/\\\/dehas.de\\\/fr\\\/\",\"name\":\"DEHAS Medical Systems GmbH\",\"description\":\"\",\"publisher\":{\"@id\":\"https:\\\/\\\/dehas.de\\\/fr\\\/#organization\"},\"potentialAction\":[{\"@type\":\"SearchAction\",\"target\":{\"@type\":\"EntryPoint\",\"urlTemplate\":\"https:\\\/\\\/dehas.de\\\/fr\\\/?s={search_term_string}\"},\"query-input\":{\"@type\":\"PropertyValueSpecification\",\"valueRequired\":true,\"valueName\":\"search_term_string\"}}],\"inLanguage\":\"fr-FR\"},{\"@type\":\"Organization\",\"@id\":\"https:\\\/\\\/dehas.de\\\/fr\\\/#organization\",\"name\":\"DEHAS Medical Systems GmbH\",\"url\":\"https:\\\/\\\/dehas.de\\\/fr\\\/\",\"logo\":{\"@type\":\"ImageObject\",\"inLanguage\":\"fr-FR\",\"@id\":\"https:\\\/\\\/dehas.de\\\/fr\\\/#\\\/schema\\\/logo\\\/image\\\/\",\"url\":\"https:\\\/\\\/dehas.de\\\/wp-content\\\/uploads\\\/2022\\\/06\\\/dehas-logo-1.png\",\"contentUrl\":\"https:\\\/\\\/dehas.de\\\/wp-content\\\/uploads\\\/2022\\\/06\\\/dehas-logo-1.png\",\"width\":541,\"height\":197,\"caption\":\"DEHAS Medical Systems GmbH\"},\"image\":{\"@id\":\"https:\\\/\\\/dehas.de\\\/fr\\\/#\\\/schema\\\/logo\\\/image\\\/\"}}]}<\/script>\n<!-- \/ Yoast SEO plugin. -->","yoast_head_json":{"title":"Zone de connexion revendeur | Dehas Medical Systems GmbH","description":"Connectez-vous \u00e0 DEHAS Medical Systems dans la zone de connexion revendeur et acc\u00e9dez \u00e0 nos services et \u00e0 notre assistance.","robots":{"index":"index","follow":"follow","max-snippet":"max-snippet:-1","max-image-preview":"max-image-preview:large","max-video-preview":"max-video-preview:-1"},"canonical":"https:\/\/dehas.de\/fr\/connexion-revendeur\/","og_locale":"fr_FR","og_type":"article","og_title":"Zone de connexion revendeur | Dehas Medical Systems GmbH","og_description":"Connectez-vous \u00e0 DEHAS Medical Systems dans la zone de connexion revendeur et acc\u00e9dez \u00e0 nos services et \u00e0 notre assistance.","og_url":"https:\/\/dehas.de\/fr\/connexion-revendeur\/","og_site_name":"DEHAS Medical Systems GmbH","article_modified_time":"2024-05-29T10:19:47+00:00","og_image":[{"url":"https:\/\/dehas.de\/wp-content\/uploads\/2023\/05\/QualityMix-Pro-1-233x300.jpg","type":"","width":"","height":""}],"twitter_card":"summary_large_image","twitter_misc":{"Dur\u00e9e de lecture estim\u00e9e":"2 minutes"},"schema":{"@context":"https:\/\/schema.org","@graph":[{"@type":"WebPage","@id":"https:\/\/dehas.de\/fr\/connexion-revendeur\/","url":"https:\/\/dehas.de\/fr\/connexion-revendeur\/","name":"Zone de connexion revendeur | Dehas Medical Systems GmbH","isPartOf":{"@id":"https:\/\/dehas.de\/fr\/#website"},"primaryImageOfPage":{"@id":"https:\/\/dehas.de\/fr\/connexion-revendeur\/#primaryimage"},"image":{"@id":"https:\/\/dehas.de\/fr\/connexion-revendeur\/#primaryimage"},"thumbnailUrl":"https:\/\/dehas.de\/wp-content\/uploads\/2023\/05\/QualityMix-Pro-1-233x300.jpg","datePublished":"2023-05-11T14:24:09+00:00","dateModified":"2024-05-29T10:19:47+00:00","description":"Connectez-vous \u00e0 DEHAS Medical Systems dans la zone de connexion revendeur et acc\u00e9dez \u00e0 nos services et \u00e0 notre assistance.","breadcrumb":{"@id":"https:\/\/dehas.de\/fr\/connexion-revendeur\/#breadcrumb"},"inLanguage":"fr-FR","potentialAction":[{"@type":"ReadAction","target":["https:\/\/dehas.de\/fr\/connexion-revendeur\/"]}]},{"@type":"ImageObject","inLanguage":"fr-FR","@id":"https:\/\/dehas.de\/fr\/connexion-revendeur\/#primaryimage","url":"https:\/\/dehas.de\/wp-content\/uploads\/2023\/05\/QualityMix-Pro-1-233x300.jpg","contentUrl":"https:\/\/dehas.de\/wp-content\/uploads\/2023\/05\/QualityMix-Pro-1-233x300.jpg"},{"@type":"BreadcrumbList","@id":"https:\/\/dehas.de\/fr\/connexion-revendeur\/#breadcrumb","itemListElement":[{"@type":"ListItem","position":1,"name":"Home","item":"https:\/\/dehas.de\/fr\/page-daccueil\/"},{"@type":"ListItem","position":2,"name":"Connexion revendeur"}]},{"@type":"WebSite","@id":"https:\/\/dehas.de\/fr\/#website","url":"https:\/\/dehas.de\/fr\/","name":"DEHAS Medical Systems GmbH","description":"","publisher":{"@id":"https:\/\/dehas.de\/fr\/#organization"},"potentialAction":[{"@type":"SearchAction","target":{"@type":"EntryPoint","urlTemplate":"https:\/\/dehas.de\/fr\/?s={search_term_string}"},"query-input":{"@type":"PropertyValueSpecification","valueRequired":true,"valueName":"search_term_string"}}],"inLanguage":"fr-FR"},{"@type":"Organization","@id":"https:\/\/dehas.de\/fr\/#organization","name":"DEHAS Medical Systems GmbH","url":"https:\/\/dehas.de\/fr\/","logo":{"@type":"ImageObject","inLanguage":"fr-FR","@id":"https:\/\/dehas.de\/fr\/#\/schema\/logo\/image\/","url":"https:\/\/dehas.de\/wp-content\/uploads\/2022\/06\/dehas-logo-1.png","contentUrl":"https:\/\/dehas.de\/wp-content\/uploads\/2022\/06\/dehas-logo-1.png","width":541,"height":197,"caption":"DEHAS Medical Systems GmbH"},"image":{"@id":"https:\/\/dehas.de\/fr\/#\/schema\/logo\/image\/"}}]}},"_links":{"self":[{"href":"https:\/\/dehas.de\/fr\/wp-json\/wp\/v2\/pages\/5425","targetHints":{"allow":["GET"]}}],"collection":[{"href":"https:\/\/dehas.de\/fr\/wp-json\/wp\/v2\/pages"}],"about":[{"href":"https:\/\/dehas.de\/fr\/wp-json\/wp\/v2\/types\/page"}],"author":[{"embeddable":true,"href":"https:\/\/dehas.de\/fr\/wp-json\/wp\/v2\/users\/12"}],"replies":[{"embeddable":true,"href":"https:\/\/dehas.de\/fr\/wp-json\/wp\/v2\/comments?post=5425"}],"version-history":[{"count":2,"href":"https:\/\/dehas.de\/fr\/wp-json\/wp\/v2\/pages\/5425\/revisions"}],"predecessor-version":[{"id":6368,"href":"https:\/\/dehas.de\/fr\/wp-json\/wp\/v2\/pages\/5425\/revisions\/6368"}],"wp:attachment":[{"href":"https:\/\/dehas.de\/fr\/wp-json\/wp\/v2\/media?parent=5425"}],"curies":[{"name":"wp","href":"https:\/\/api.w.org\/{rel}","templated":true}]}}