{"id":4955,"date":"2023-05-31T12:00:29","date_gmt":"2023-05-31T10:00:29","guid":{"rendered":"https:\/\/dehas.de\/oem-solutions-speciales\/"},"modified":"2025-11-07T08:19:28","modified_gmt":"2025-11-07T07:19:28","slug":"oem-solutions-speciales","status":"publish","type":"page","link":"https:\/\/dehas.de\/fr\/oem-solutions-speciales\/","title":{"rendered":"OEM &amp; solutions sp\u00e9ciales"},"content":{"rendered":"\t\t<div data-elementor-type=\"wp-page\" data-elementor-id=\"4955\" class=\"elementor elementor-4955 elementor-1550\" data-elementor-post-type=\"page\">\n\t\t\t\t\t\t<section class=\"elementor-section elementor-top-section elementor-element elementor-element-4d2bb4e elementor-section-height-min-height elementor-section-boxed elementor-section-height-default elementor-section-items-middle\" data-id=\"4d2bb4e\" data-element_type=\"section\" data-e-type=\"section\" data-settings=\"{&quot;background_background&quot;:&quot;classic&quot;,&quot;jet_parallax_layout_list&quot;:[]}\">\n\t\t\t\t\t\t\t<div class=\"elementor-background-overlay\"><\/div>\n\t\t\t\t\t\t\t<div class=\"elementor-container elementor-column-gap-default\">\n\t\t\t\t\t<div class=\"elementor-column elementor-col-100 elementor-top-column elementor-element elementor-element-68fc387\" data-id=\"68fc387\" data-element_type=\"column\" data-e-type=\"column\">\n\t\t\t<div class=\"elementor-widget-wrap elementor-element-populated\">\n\t\t\t\t\t\t<div class=\"elementor-element elementor-element-69b5c09 elementor-invisible elementor-widget elementor-widget-heading\" data-id=\"69b5c09\" data-element_type=\"widget\" data-e-type=\"widget\" data-settings=\"{&quot;_animation&quot;:&quot;fadeIn&quot;,&quot;_animation_delay&quot;:0}\" data-widget_type=\"heading.default\">\n\t\t\t\t<div class=\"elementor-widget-container\">\n\t\t\t\t\t<h1 class=\"elementor-heading-title elementor-size-default\">OEM \/ ODM \/ D\u00e9veloppement \u00e0 fa\u00e7on<\/h1>\t\t\t\t<\/div>\n\t\t\t\t<\/div>\n\t\t\t\t<div class=\"elementor-element elementor-element-0c321c1 elementor-widget__width-initial animated-fast elementor-invisible elementor-widget elementor-widget-text-editor\" data-id=\"0c321c1\" data-element_type=\"widget\" data-e-type=\"widget\" data-settings=\"{&quot;_animation&quot;:&quot;fadeIn&quot;,&quot;_animation_delay&quot;:300}\" data-widget_type=\"text-editor.default\">\n\t\t\t\t<div class=\"elementor-widget-container\">\n\t\t\t\t\t\t\t\t\t<div><div>Pour toutes les applications li\u00e9es \u00e0 la pression et au d\u00e9bit &#8211; ainsi qu&rsquo;au m\u00e9lange de gaz &#8211; nous vous proposons des solutions individuelles &#8211; Customised Solutions &#8211; ou l&rsquo;adaptation de nos produits existants &#8211; sur mesure en fonction de vos exigences.<\/div><\/div>\t\t\t\t\t\t\t\t<\/div>\n\t\t\t\t<\/div>\n\t\t\t\t<div class=\"elementor-element elementor-element-854787c elementor-align-center animated-fast elementor-widget__width-auto elementor-invisible elementor-widget elementor-widget-button\" data-id=\"854787c\" data-element_type=\"widget\" data-e-type=\"widget\" data-settings=\"{&quot;_animation&quot;:&quot;fadeIn&quot;,&quot;_animation_delay&quot;:500}\" data-widget_type=\"button.default\">\n\t\t\t\t<div class=\"elementor-widget-container\">\n\t\t\t\t\t\t\t\t\t<div class=\"elementor-button-wrapper\">\n\t\t\t\t\t<a class=\"elementor-button elementor-button-link elementor-size-sm\" href=\"https:\/\/dehas.de\/fr\/contact\/kontakt\/\">\n\t\t\t\t\t\t<span class=\"elementor-button-content-wrapper\">\n\t\t\t\t\t\t\t\t\t<span class=\"elementor-button-text\">Demandez maintenant<\/span>\n\t\t\t\t\t<\/span>\n\t\t\t\t\t<\/a>\n\t\t\t\t<\/div>\n\t\t\t\t\t\t\t\t<\/div>\n\t\t\t\t<\/div>\n\t\t\t\t<div class=\"elementor-element elementor-element-afe6724 elementor-align-center animated-fast elementor-widget__width-auto elementor-invisible elementor-widget elementor-widget-button\" data-id=\"afe6724\" data-element_type=\"widget\" data-e-type=\"widget\" data-settings=\"{&quot;_animation&quot;:&quot;fadeIn&quot;,&quot;_animation_delay&quot;:500}\" data-widget_type=\"button.default\">\n\t\t\t\t<div class=\"elementor-widget-container\">\n\t\t\t\t\t\t\t\t\t<div class=\"elementor-button-wrapper\">\n\t\t\t\t\t<a class=\"elementor-button elementor-button-link elementor-size-sm\" href=\"\/produkte\/\">\n\t\t\t\t\t\t<span class=\"elementor-button-content-wrapper\">\n\t\t\t\t\t\t\t\t\t<span class=\"elementor-button-text\">Parmi nos produits standard &gt;<\/span>\n\t\t\t\t\t<\/span>\n\t\t\t\t\t<\/a>\n\t\t\t\t<\/div>\n\t\t\t\t\t\t\t\t<\/div>\n\t\t\t\t<\/div>\n\t\t\t\t\t<\/div>\n\t\t<\/div>\n\t\t\t\t\t<\/div>\n\t\t<\/section>\n\t\t\t\t<section class=\"elementor-section elementor-top-section elementor-element elementor-element-4d5f229 elementor-section-boxed elementor-section-height-default elementor-section-height-default\" data-id=\"4d5f229\" data-element_type=\"section\" data-e-type=\"section\" data-settings=\"{&quot;jet_parallax_layout_list&quot;:[]}\">\n\t\t\t\t\t\t<div class=\"elementor-container elementor-column-gap-default\">\n\t\t\t\t\t<div class=\"elementor-column elementor-col-100 elementor-top-column elementor-element elementor-element-236b700\" data-id=\"236b700\" data-element_type=\"column\" data-e-type=\"column\">\n\t\t\t<div class=\"elementor-widget-wrap elementor-element-populated\">\n\t\t\t\t\t\t<div class=\"elementor-element elementor-element-2530b10 elementor-widget__width-initial elementor-widget elementor-widget-text-editor\" data-id=\"2530b10\" data-element_type=\"widget\" data-e-type=\"widget\" data-widget_type=\"text-editor.default\">\n\t\t\t\t<div class=\"elementor-widget-container\">\n\t\t\t\t\t\t\t\t\t<h2><br><\/h2>\n<h2><br><\/h2>\n<h2>Notre dernier projet : l&rsquo;Oxymixer XL pour Dr\u00e4ger<\/h2>\t\t\t\t\t\t\t\t<\/div>\n\t\t\t\t<\/div>\n\t\t\t\t\t<\/div>\n\t\t<\/div>\n\t\t\t\t\t<\/div>\n\t\t<\/section>\n\t\t\t\t<section class=\"elementor-section elementor-top-section elementor-element elementor-element-074181a elementor-section-boxed elementor-section-height-default elementor-section-height-default\" data-id=\"074181a\" data-element_type=\"section\" data-e-type=\"section\" data-settings=\"{&quot;jet_parallax_layout_list&quot;:[]}\">\n\t\t\t\t\t\t<div class=\"elementor-container elementor-column-gap-default\">\n\t\t\t\t\t<div class=\"elementor-column elementor-col-33 elementor-top-column elementor-element elementor-element-6a710d8\" data-id=\"6a710d8\" data-element_type=\"column\" data-e-type=\"column\">\n\t\t\t<div class=\"elementor-widget-wrap elementor-element-populated\">\n\t\t\t\t\t\t<div class=\"elementor-element elementor-element-159f25b elementor-widget__width-initial elementor-widget elementor-widget-image\" data-id=\"159f25b\" data-element_type=\"widget\" data-e-type=\"widget\" data-widget_type=\"image.default\">\n\t\t\t\t<div class=\"elementor-widget-container\">\n\t\t\t\t\t\t\t\t\t\t\t\t\t\t\t<img fetchpriority=\"high\" decoding=\"async\" width=\"738\" height=\"1135\" src=\"https:\/\/dehas.de\/wp-content\/uploads\/2023\/11\/Front-klein-1.png\" class=\"attachment-full size-full wp-image-4957\" alt=\"\" srcset=\"https:\/\/dehas.de\/wp-content\/uploads\/2023\/11\/Front-klein-1.png 738w, https:\/\/dehas.de\/wp-content\/uploads\/2023\/11\/Front-klein-1-195x300.png 195w, https:\/\/dehas.de\/wp-content\/uploads\/2023\/11\/Front-klein-1-666x1024.png 666w\" sizes=\"(max-width: 738px) 100vw, 738px\" \/>\t\t\t\t\t\t\t\t\t\t\t\t\t\t\t<\/div>\n\t\t\t\t<\/div>\n\t\t\t\t\t<\/div>\n\t\t<\/div>\n\t\t\t\t<div class=\"elementor-column elementor-col-66 elementor-top-column elementor-element elementor-element-7db65ec\" data-id=\"7db65ec\" data-element_type=\"column\" data-e-type=\"column\">\n\t\t\t<div class=\"elementor-widget-wrap elementor-element-populated\">\n\t\t\t\t\t\t<div class=\"elementor-element elementor-element-d2c24ef elementor-widget elementor-widget-text-editor\" data-id=\"d2c24ef\" data-element_type=\"widget\" data-e-type=\"widget\" data-widget_type=\"text-editor.default\">\n\t\t\t\t<div class=\"elementor-widget-container\">\n\t\t\t\t\t\t\t\t\t<p class=\"MsoNormal\"><b>Notre m\u00e9langeur haut d\u00e9bit \u00e9prouv\u00e9 dans un nouveau design.<br><\/b><span style=\"color: var( --e-global-color-text ); font-family: var( --e-global-typography-text-font-family ), Sans-serif; font-size: var( --e-global-typography-text-font-size ); font-weight: var( --e-global-typography-text-font-weight );\">En tant qu&rsquo;<i>Oxymixer XL<\/i>, il est cens\u00e9 remplacer les respirateurs de la soci\u00e9t\u00e9 compl\u00e9ter Dr\u00e4ger sur le march\u00e9 am\u00e9ricain. Pour pouvoir \u00eatre install\u00e9 facilement en tant qu&rsquo;unit\u00e9 compacte, un nouveau bo\u00eetier a d\u00fb \u00eatre con\u00e7u et un nouveau d\u00e9bitm\u00e8tre int\u00e9gr\u00e9. Le d\u00e9veloppement est maintenant termin\u00e9 et nous avons obtenu l&rsquo;approbation 510K (FDA). Le lancement commercial est pr\u00e9vu pour 2024.<\/span><\/p>\t\t\t\t\t\t\t\t<\/div>\n\t\t\t\t<\/div>\n\t\t\t\t\t<\/div>\n\t\t<\/div>\n\t\t\t\t\t<\/div>\n\t\t<\/section>\n\t\t\t\t<\/div>\n\t\t","protected":false},"excerpt":{"rendered":"<p>OEM \/ ODM \/ D\u00e9veloppement \u00e0 fa\u00e7on Pour toutes les applications li\u00e9es \u00e0 la pression et au d\u00e9bit &#8211; ainsi qu&rsquo;au m\u00e9lange de gaz &#8211; nous vous proposons des solutions individuelles &#8211; Customised Solutions &#8211; ou l&rsquo;adaptation de nos produits existants &#8211; sur mesure en fonction de vos exigences. Demandez maintenant Parmi nos produits standard [&hellip;]<\/p>\n","protected":false},"author":4,"featured_media":0,"parent":0,"menu_order":40,"comment_status":"closed","ping_status":"closed","template":"","meta":{"footnotes":""},"class_list":["post-4955","page","type-page","status-publish","hentry"],"yoast_head":"<!-- This site is optimized with the Yoast SEO plugin v27.4 - https:\/\/yoast.com\/product\/yoast-seo-wordpress\/ -->\n<title>Technique m\u00e9dicale OEM | Solutions sp\u00e9ciales de DEHAS<\/title>\n<meta name=\"description\" content=\"Technique m\u00e9dicale OEM : DEHAS d\u00e9veloppe des solutions sp\u00e9ciales personnalis\u00e9es pour les m\u00e9langeurs de gaz, les applications sous pression &amp; les syst\u00e8mes d&#039;oxyg\u00e8ne. Fabriqu\u00e9 en Allemagne.\" \/>\n<meta name=\"robots\" content=\"index, follow, max-snippet:-1, max-image-preview:large, max-video-preview:-1\" \/>\n<link rel=\"canonical\" href=\"https:\/\/dehas.de\/fr\/oem-solutions-speciales\/\" \/>\n<meta property=\"og:locale\" content=\"fr_FR\" \/>\n<meta property=\"og:type\" content=\"article\" \/>\n<meta property=\"og:title\" content=\"Technique m\u00e9dicale OEM | Solutions sp\u00e9ciales de DEHAS\" \/>\n<meta property=\"og:description\" content=\"Technique m\u00e9dicale OEM : DEHAS d\u00e9veloppe des solutions sp\u00e9ciales personnalis\u00e9es pour les m\u00e9langeurs de gaz, les applications sous pression &amp; les syst\u00e8mes d&#039;oxyg\u00e8ne. Fabriqu\u00e9 en Allemagne.\" \/>\n<meta property=\"og:url\" content=\"https:\/\/dehas.de\/fr\/oem-solutions-speciales\/\" \/>\n<meta property=\"og:site_name\" content=\"DEHAS Medical Systems GmbH\" \/>\n<meta property=\"article:modified_time\" content=\"2025-11-07T07:19:28+00:00\" \/>\n<meta property=\"og:image\" content=\"https:\/\/dehas.de\/wp-content\/uploads\/2023\/11\/Front-klein-1.png\" \/>\n\t<meta property=\"og:image:width\" content=\"738\" \/>\n\t<meta property=\"og:image:height\" content=\"1135\" \/>\n\t<meta property=\"og:image:type\" content=\"image\/png\" \/>\n<meta name=\"twitter:card\" content=\"summary_large_image\" \/>\n<meta name=\"twitter:label1\" content=\"Dur\u00e9e de lecture estim\u00e9e\" \/>\n\t<meta name=\"twitter:data1\" content=\"1 minute\" \/>\n<script type=\"application\/ld+json\" class=\"yoast-schema-graph\">{\"@context\":\"https:\\\/\\\/schema.org\",\"@graph\":[{\"@type\":\"WebPage\",\"@id\":\"https:\\\/\\\/dehas.de\\\/fr\\\/oem-solutions-speciales\\\/\",\"url\":\"https:\\\/\\\/dehas.de\\\/fr\\\/oem-solutions-speciales\\\/\",\"name\":\"Technique m\u00e9dicale OEM | Solutions sp\u00e9ciales de DEHAS\",\"isPartOf\":{\"@id\":\"https:\\\/\\\/dehas.de\\\/fr\\\/#website\"},\"primaryImageOfPage\":{\"@id\":\"https:\\\/\\\/dehas.de\\\/fr\\\/oem-solutions-speciales\\\/#primaryimage\"},\"image\":{\"@id\":\"https:\\\/\\\/dehas.de\\\/fr\\\/oem-solutions-speciales\\\/#primaryimage\"},\"thumbnailUrl\":\"https:\\\/\\\/dehas.de\\\/wp-content\\\/uploads\\\/2023\\\/11\\\/Front-klein-1.png\",\"datePublished\":\"2023-05-31T10:00:29+00:00\",\"dateModified\":\"2025-11-07T07:19:28+00:00\",\"description\":\"Technique m\u00e9dicale OEM : DEHAS d\u00e9veloppe des solutions sp\u00e9ciales personnalis\u00e9es pour les m\u00e9langeurs de gaz, les applications sous pression & les syst\u00e8mes d'oxyg\u00e8ne. Fabriqu\u00e9 en Allemagne.\",\"breadcrumb\":{\"@id\":\"https:\\\/\\\/dehas.de\\\/fr\\\/oem-solutions-speciales\\\/#breadcrumb\"},\"inLanguage\":\"fr-FR\",\"potentialAction\":[{\"@type\":\"ReadAction\",\"target\":[\"https:\\\/\\\/dehas.de\\\/fr\\\/oem-solutions-speciales\\\/\"]}]},{\"@type\":\"ImageObject\",\"inLanguage\":\"fr-FR\",\"@id\":\"https:\\\/\\\/dehas.de\\\/fr\\\/oem-solutions-speciales\\\/#primaryimage\",\"url\":\"https:\\\/\\\/dehas.de\\\/wp-content\\\/uploads\\\/2023\\\/11\\\/Front-klein-1.png\",\"contentUrl\":\"https:\\\/\\\/dehas.de\\\/wp-content\\\/uploads\\\/2023\\\/11\\\/Front-klein-1.png\"},{\"@type\":\"BreadcrumbList\",\"@id\":\"https:\\\/\\\/dehas.de\\\/fr\\\/oem-solutions-speciales\\\/#breadcrumb\",\"itemListElement\":[{\"@type\":\"ListItem\",\"position\":1,\"name\":\"Home\",\"item\":\"https:\\\/\\\/dehas.de\\\/fr\\\/page-daccueil\\\/\"},{\"@type\":\"ListItem\",\"position\":2,\"name\":\"OEM &amp; solutions sp\u00e9ciales\"}]},{\"@type\":\"WebSite\",\"@id\":\"https:\\\/\\\/dehas.de\\\/fr\\\/#website\",\"url\":\"https:\\\/\\\/dehas.de\\\/fr\\\/\",\"name\":\"DEHAS Medical Systems GmbH\",\"description\":\"\",\"publisher\":{\"@id\":\"https:\\\/\\\/dehas.de\\\/fr\\\/#organization\"},\"potentialAction\":[{\"@type\":\"SearchAction\",\"target\":{\"@type\":\"EntryPoint\",\"urlTemplate\":\"https:\\\/\\\/dehas.de\\\/fr\\\/?s={search_term_string}\"},\"query-input\":{\"@type\":\"PropertyValueSpecification\",\"valueRequired\":true,\"valueName\":\"search_term_string\"}}],\"inLanguage\":\"fr-FR\"},{\"@type\":\"Organization\",\"@id\":\"https:\\\/\\\/dehas.de\\\/fr\\\/#organization\",\"name\":\"DEHAS Medical Systems GmbH\",\"url\":\"https:\\\/\\\/dehas.de\\\/fr\\\/\",\"logo\":{\"@type\":\"ImageObject\",\"inLanguage\":\"fr-FR\",\"@id\":\"https:\\\/\\\/dehas.de\\\/fr\\\/#\\\/schema\\\/logo\\\/image\\\/\",\"url\":\"https:\\\/\\\/dehas.de\\\/wp-content\\\/uploads\\\/2022\\\/06\\\/dehas-logo-1.png\",\"contentUrl\":\"https:\\\/\\\/dehas.de\\\/wp-content\\\/uploads\\\/2022\\\/06\\\/dehas-logo-1.png\",\"width\":541,\"height\":197,\"caption\":\"DEHAS Medical Systems GmbH\"},\"image\":{\"@id\":\"https:\\\/\\\/dehas.de\\\/fr\\\/#\\\/schema\\\/logo\\\/image\\\/\"}}]}<\/script>\n<!-- \/ Yoast SEO plugin. -->","yoast_head_json":{"title":"Technique m\u00e9dicale OEM | Solutions sp\u00e9ciales de DEHAS","description":"Technique m\u00e9dicale OEM : DEHAS d\u00e9veloppe des solutions sp\u00e9ciales personnalis\u00e9es pour les m\u00e9langeurs de gaz, les applications sous pression & les syst\u00e8mes d'oxyg\u00e8ne. Fabriqu\u00e9 en Allemagne.","robots":{"index":"index","follow":"follow","max-snippet":"max-snippet:-1","max-image-preview":"max-image-preview:large","max-video-preview":"max-video-preview:-1"},"canonical":"https:\/\/dehas.de\/fr\/oem-solutions-speciales\/","og_locale":"fr_FR","og_type":"article","og_title":"Technique m\u00e9dicale OEM | Solutions sp\u00e9ciales de DEHAS","og_description":"Technique m\u00e9dicale OEM : DEHAS d\u00e9veloppe des solutions sp\u00e9ciales personnalis\u00e9es pour les m\u00e9langeurs de gaz, les applications sous pression & les syst\u00e8mes d'oxyg\u00e8ne. Fabriqu\u00e9 en Allemagne.","og_url":"https:\/\/dehas.de\/fr\/oem-solutions-speciales\/","og_site_name":"DEHAS Medical Systems GmbH","article_modified_time":"2025-11-07T07:19:28+00:00","og_image":[{"width":738,"height":1135,"url":"https:\/\/dehas.de\/wp-content\/uploads\/2023\/11\/Front-klein-1.png","type":"image\/png"}],"twitter_card":"summary_large_image","twitter_misc":{"Dur\u00e9e de lecture estim\u00e9e":"1 minute"},"schema":{"@context":"https:\/\/schema.org","@graph":[{"@type":"WebPage","@id":"https:\/\/dehas.de\/fr\/oem-solutions-speciales\/","url":"https:\/\/dehas.de\/fr\/oem-solutions-speciales\/","name":"Technique m\u00e9dicale OEM | Solutions sp\u00e9ciales de DEHAS","isPartOf":{"@id":"https:\/\/dehas.de\/fr\/#website"},"primaryImageOfPage":{"@id":"https:\/\/dehas.de\/fr\/oem-solutions-speciales\/#primaryimage"},"image":{"@id":"https:\/\/dehas.de\/fr\/oem-solutions-speciales\/#primaryimage"},"thumbnailUrl":"https:\/\/dehas.de\/wp-content\/uploads\/2023\/11\/Front-klein-1.png","datePublished":"2023-05-31T10:00:29+00:00","dateModified":"2025-11-07T07:19:28+00:00","description":"Technique m\u00e9dicale OEM : DEHAS d\u00e9veloppe des solutions sp\u00e9ciales personnalis\u00e9es pour les m\u00e9langeurs de gaz, les applications sous pression & les syst\u00e8mes d'oxyg\u00e8ne. Fabriqu\u00e9 en Allemagne.","breadcrumb":{"@id":"https:\/\/dehas.de\/fr\/oem-solutions-speciales\/#breadcrumb"},"inLanguage":"fr-FR","potentialAction":[{"@type":"ReadAction","target":["https:\/\/dehas.de\/fr\/oem-solutions-speciales\/"]}]},{"@type":"ImageObject","inLanguage":"fr-FR","@id":"https:\/\/dehas.de\/fr\/oem-solutions-speciales\/#primaryimage","url":"https:\/\/dehas.de\/wp-content\/uploads\/2023\/11\/Front-klein-1.png","contentUrl":"https:\/\/dehas.de\/wp-content\/uploads\/2023\/11\/Front-klein-1.png"},{"@type":"BreadcrumbList","@id":"https:\/\/dehas.de\/fr\/oem-solutions-speciales\/#breadcrumb","itemListElement":[{"@type":"ListItem","position":1,"name":"Home","item":"https:\/\/dehas.de\/fr\/page-daccueil\/"},{"@type":"ListItem","position":2,"name":"OEM &amp; solutions sp\u00e9ciales"}]},{"@type":"WebSite","@id":"https:\/\/dehas.de\/fr\/#website","url":"https:\/\/dehas.de\/fr\/","name":"DEHAS Medical Systems GmbH","description":"","publisher":{"@id":"https:\/\/dehas.de\/fr\/#organization"},"potentialAction":[{"@type":"SearchAction","target":{"@type":"EntryPoint","urlTemplate":"https:\/\/dehas.de\/fr\/?s={search_term_string}"},"query-input":{"@type":"PropertyValueSpecification","valueRequired":true,"valueName":"search_term_string"}}],"inLanguage":"fr-FR"},{"@type":"Organization","@id":"https:\/\/dehas.de\/fr\/#organization","name":"DEHAS Medical Systems GmbH","url":"https:\/\/dehas.de\/fr\/","logo":{"@type":"ImageObject","inLanguage":"fr-FR","@id":"https:\/\/dehas.de\/fr\/#\/schema\/logo\/image\/","url":"https:\/\/dehas.de\/wp-content\/uploads\/2022\/06\/dehas-logo-1.png","contentUrl":"https:\/\/dehas.de\/wp-content\/uploads\/2022\/06\/dehas-logo-1.png","width":541,"height":197,"caption":"DEHAS Medical Systems GmbH"},"image":{"@id":"https:\/\/dehas.de\/fr\/#\/schema\/logo\/image\/"}}]}},"_links":{"self":[{"href":"https:\/\/dehas.de\/fr\/wp-json\/wp\/v2\/pages\/4955","targetHints":{"allow":["GET"]}}],"collection":[{"href":"https:\/\/dehas.de\/fr\/wp-json\/wp\/v2\/pages"}],"about":[{"href":"https:\/\/dehas.de\/fr\/wp-json\/wp\/v2\/types\/page"}],"author":[{"embeddable":true,"href":"https:\/\/dehas.de\/fr\/wp-json\/wp\/v2\/users\/4"}],"replies":[{"embeddable":true,"href":"https:\/\/dehas.de\/fr\/wp-json\/wp\/v2\/comments?post=4955"}],"version-history":[{"count":3,"href":"https:\/\/dehas.de\/fr\/wp-json\/wp\/v2\/pages\/4955\/revisions"}],"predecessor-version":[{"id":9040,"href":"https:\/\/dehas.de\/fr\/wp-json\/wp\/v2\/pages\/4955\/revisions\/9040"}],"wp:attachment":[{"href":"https:\/\/dehas.de\/fr\/wp-json\/wp\/v2\/media?parent=4955"}],"curies":[{"name":"wp","href":"https:\/\/api.w.org\/{rel}","templated":true}]}}